{"id":22,"date":"2024-03-08T22:44:05","date_gmt":"2024-03-08T22:44:05","guid":{"rendered":"https:\/\/colada.com.ar\/?page_id=22"},"modified":"2024-07-05T21:25:57","modified_gmt":"2024-07-05T21:25:57","slug":"acerca-de-colada","status":"publish","type":"page","link":"https:\/\/colada.com.ar\/index.php\/acerca-de-colada\/","title":{"rendered":"Acerca de COLADA"},"content":{"rendered":"\n<p>COLADA nace en el 2008 como un espacio de legitimaci\u00f3n para la exposici\u00f3n y venta de obra relativa al cuerpo, el placer y el deseo. Bajo el lema \u201cEl arte es sexo, el sexo es arte\u201d pensamos que el sexo, como el arte es una pulsi\u00f3n. Esa primera excitaci\u00f3n que te lleva a concretar cualquiera de las dos acciones.<\/p>\n\n\n\n<p>Somos una plataforma on line que acerca los trabajos art\u00edsticos de centenares de artistas contempor\u00e1neos argentinos y latinoamericanos a todo tipo de espectadores, agentes del arte e interesados en la cultura en general. Desde su comienzo impulsamos la visibilidad de artistas a trav\u00e9s de una p\u00e1gina web donde se realizan concursos de fotograf\u00eda, convocatorias abiertas, publicaciones en soporte papel y muestras en espacios privados y p\u00fablicos. El objetivo es expandir dichos espacios y vincular el trabajo del artista con el espectador. Desde 2015 participamos en ferias como Pinta BAphoto, Feria Tijuana, Feria MAPA, MIGRA, Mercado de Arte, entre otras, promoviendo directamente la posibilidad de coleccionismo en cuanto a obras de arte y publicaciones editoriales.<\/p>\n\n\n\n<p>COLADA es una galer\u00eda de arte y una editorial que busca entrar en la vida dom\u00e9stica, en la cotidianeidad, sea una habitaci\u00f3n, espacio de trabajo, o un c\u00f3digo de amor.<\/p>\n\n\n\n<div style=\"height:15px\" aria-hidden=\"true\" class=\"wp-block-spacer\"><\/div>\n\n\n\n<h4 class=\"wp-block-heading\">Muestras<\/h4>\n\n\n\n<ul class=\"wp-block-list\">\n<li>2016 Proyecci\u00f3n de la Convocatoria de Video-Arte Erotismo y Medicina en POPA Galer\u00eda.&nbsp;<\/li>\n\n\n\n<li>2016 La sexual magdalena de Proust. SUM de los Museos, MBA-MAC Bah\u00eda Blanca.&nbsp;<\/li>\n\n\n\n<li>2015 Muestra colectiva Presentaci\u00f3n COLADA Galer\u00eda. Casa A.&nbsp;<\/li>\n\n\n\n<li>2014 Muestra colectiva COLADA#20. MADRE Galer\u00eda. Patio del Liceo.<\/li>\n\n\n\n<li>2014 Intervenci\u00f3n habitaci\u00f3n 304 de Hotel Bonito.<\/li>\n\n\n\n<li>2014 Muestra colectiva Presentacion COLADA#19. Gabinete 2577 Galer\u00eda de arte.<\/li>\n\n\n\n<li>2013 COLADA en Casa Esc\u00f3pica. Bah\u00eda Blanca.<\/li>\n\n\n\n<li>2013 Intervenci\u00f3n y apropiaci\u00f3n para COLADA#14. Remeras sublimadas. Feria Galaxia. Patio del Liceo.<\/li>\n\n\n\n<li>2012 COLADA toma la calle Bol\u00edvar por unas horas. V\u00eda Publica.&nbsp;<\/li>\n\n\n\n<li>2011 Presentaci\u00f3n COLADA#08 . El Victorial, Centro Cultural.<\/li>\n\n\n\n<li>2010 Acojinable. Posters. Y presentaci\u00f3n COLADA#07. Galer\u00eda Oz.<\/li>\n\n\n\n<li>2008 Presentaci\u00f3n en&nbsp; sociedad de Revista COLADA. Boquitas Pintadas Hotel Boutique.<\/li>\n<\/ul>\n\n\n\n<div style=\"height:15px\" aria-hidden=\"true\" class=\"wp-block-spacer\"><\/div>\n\n\n\n<ul class=\"wp-block-list\">\n<li><strong>Directora: <\/strong>Lul\u00fa Jankilevich<\/li>\n\n\n\n<li><strong>Producci\u00f3n:<\/strong> Mart\u00edn Castillo Morales, Carla Gebetsberger<\/li>\n\n\n\n<li><strong>DG:<\/strong> Silvina Bertone, Rub\u00e9n Zerrizuela<\/li>\n\n\n\n<li><strong>Web Master:<\/strong> Alejo Dillor<\/li>\n<\/ul>\n\n\n\n<div style=\"height:15px\" aria-hidden=\"true\" class=\"wp-block-spacer\"><\/div>\n\n\n\n<p>+54 11 64018903<br>recolada@gmail.com<\/p>\n","protected":false},"excerpt":{"rendered":"<p>COLADA nace en el 2008 como un espacio de legitimaci\u00f3n para la exposici\u00f3n y venta de obra relativa al cuerpo, el placer y el deseo. Bajo el lema \u201cEl arte es sexo, el sexo es arte\u201d pensamos que el sexo, como el arte es una pulsi\u00f3n. Esa primera excitaci\u00f3n que te lleva a concretar cualquiera [&hellip;]<\/p>\n","protected":false},"author":1,"featured_media":0,"parent":0,"menu_order":0,"comment_status":"closed","ping_status":"closed","template":"","meta":{"footnotes":""},"class_list":["post-22","page","type-page","status-publish","hentry"],"_links":{"self":[{"href":"https:\/\/colada.com.ar\/index.php\/wp-json\/wp\/v2\/pages\/22","targetHints":{"allow":["GET"]}}],"collection":[{"href":"https:\/\/colada.com.ar\/index.php\/wp-json\/wp\/v2\/pages"}],"about":[{"href":"https:\/\/colada.com.ar\/index.php\/wp-json\/wp\/v2\/types\/page"}],"author":[{"embeddable":true,"href":"https:\/\/colada.com.ar\/index.php\/wp-json\/wp\/v2\/users\/1"}],"replies":[{"embeddable":true,"href":"https:\/\/colada.com.ar\/index.php\/wp-json\/wp\/v2\/comments?post=22"}],"version-history":[{"count":3,"href":"https:\/\/colada.com.ar\/index.php\/wp-json\/wp\/v2\/pages\/22\/revisions"}],"predecessor-version":[{"id":152,"href":"https:\/\/colada.com.ar\/index.php\/wp-json\/wp\/v2\/pages\/22\/revisions\/152"}],"wp:attachment":[{"href":"https:\/\/colada.com.ar\/index.php\/wp-json\/wp\/v2\/media?parent=22"}],"curies":[{"name":"wp","href":"https:\/\/api.w.org\/{rel}","templated":true}]}}